{"id":1488,"date":"2022-03-04T03:42:59","date_gmt":"2022-03-04T03:42:59","guid":{"rendered":"http:\/\/spacesyntaxuniversity.com\/index.php\/home\/"},"modified":"2023-10-24T10:22:40","modified_gmt":"2023-10-24T08:22:40","slug":"semana-space-syntax","status":"publish","type":"page","link":"https:\/\/spacesyntaxuniversity.com\/","title":{"rendered":"La SEMANA de Urbanismo con Sintaxis Espacial (Space Syntax)"},"content":{"rendered":"\n<div class=\"wp-block-uagb-container uagb-block-09bff568 alignfull uagb-is-root-container\"><div class=\"uagb-container-inner-blocks-wrap\">\n<div style=\"height:40px\" aria-hidden=\"true\" class=\"wp-block-spacer\"><\/div>\n\n\n\n<h1 class=\"wp-block-heading has-text-align-center has-ast-global-color-3-color has-text-color\">SEMANA DEL URBANISMO<\/h1>\n\n\n\n<h5 class=\"wp-block-heading has-text-align-center has-ast-global-color-3-color has-text-color\">PR\u00d3XIMA EDICI\u00d3N DEL 29 ENERO AL 5 DE FEBRERO  2024<\/h5>\n\n\n\n<h1 class=\"wp-block-heading has-text-align-center has-ast-global-color-1-color has-ast-global-color-8-background-color has-text-color has-background\"><em>\u00abHAZ QUE LAS CIUDADES TRABAJEN PARA LAS PERSONAS<\/em><\/h1>\n\n\n\n<h4 class=\"wp-block-heading has-text-align-center has-ast-global-color-1-color has-white-background-color has-text-color has-background\"><em>&#8230; con las herramientas de Sintaxis Espacial (Space Syntax)<\/em>\u00ab<\/h4>\n\n\n\n<h2 class=\"wp-block-heading has-text-align-center has-ast-global-color-3-color has-white-background-color has-text-color has-background\">DESCUBRE LAS HABILIDADES DE LOS URBANISTAS ESPECIALIZADOS QUE VAN UN PASO POR DELANTE<\/h2>\n<\/div><\/div>\n\n\n\n<div class=\"wp-block-uagb-container uagb-block-0fe6a092 alignfull uagb-is-root-container\"><div class=\"uagb-container-inner-blocks-wrap\">\n<div class=\"wp-block-uagb-container uagb-block-ed33625e\">\n<div class=\"wp-block-columns is-layout-flex wp-container-3 wp-block-columns-is-layout-flex\">\n<div class=\"wp-block-column is-layout-flow wp-block-column-is-layout-flow\"><\/div>\n\n\n\n<div class=\"wp-block-column is-layout-flow wp-block-column-is-layout-flow\">\n<div class=\"wp-block-uagb-container uagb-block-131b041c\">\n<div class=\"wp-block-uagb-container uagb-block-bd6c5aff\">\n<h3 class=\"wp-block-heading has-text-align-center has-white-color has-text-color\">Reserva tu plaza TOTALMENTE GRATIS en este FORMULARIO:<\/h3>\n<\/div>\n\n\n\n<div class=\"wp-block-uagb-container uagb-block-c737329d\">\n<!-- BEGIN: Benchmark Email Signup Form Code -->\n<script type=\"text\/javascript\" id=\"lbscript1751637\" src=\"https:\/\/lb.benchmarkemail.com\/\/es\/code\/lbformnew.js?mFcQnoBFKMSleTES0YtCrLJ25jqXIyRIZCxVEnUbAX5B6Zy3R8L99w%253D%253D\"><\/script><noscript>Please enable JavaScript <br \/><div align=\"center\" style=\"padding-top:5px;font-family:Arial,Helvetica,sans-serif;font-size:10px;color:#999999;\"><a href=\"https:\/\/www.benchmarkemail.com\/email-marketing?utm_source=usersignupforms&#038;utm_medium=customers&#038;utm_campaign=usersignupforms\" target=\"_new\" style=\"text-decoration:none;font-family:Arial,Helvetica,sans-serif;font-size:10px;color:#999999;\" rel=\"noopener\">Email Marketing <\/a> by Benchmark<\/div><\/noscript>\n<!-- END: Benchmark Email Signup Form Code -->\n<\/div>\n\n\n\n<h5 class=\"wp-block-heading has-text-align-center has-white-color has-text-color\">Ap\u00fantate ahora para reservar tu plaza y m\u00e1s adelante te mandaremos un mensaje recordatorio.<\/h5>\n\n\n\n<div class=\"wp-block-uagb-countdown uagb-block-fc32633e\"><div class=\"wp-block-uagb-countdown__box wp-block-uagb-countdown__box-days\"><div class=\"wp-block-uagb-countdown__time wp-block-uagb-countdown__time-days\">&#8211;<\/div><div class=\"wp-block-uagb-countdown__label\">D\u00edas<\/div><\/div><div class=\"wp-block-uagb-countdown__box wp-block-uagb-countdown__box-hours\"><div class=\"wp-block-uagb-countdown__time wp-block-uagb-countdown__time-hours\">&#8211;<\/div><div class=\"wp-block-uagb-countdown__label\">Hrs<\/div><\/div><div class=\"wp-block-uagb-countdown__box wp-block-uagb-countdown__box-minutes\"><div class=\"wp-block-uagb-countdown__time wp-block-uagb-countdown__time-minutes\">&#8211;<\/div><div class=\"wp-block-uagb-countdown__label\">Mins<\/div><\/div><div class=\"wp-block-uagb-countdown__box wp-block-uagb-countdown__box-seconds\"><div class=\"wp-block-uagb-countdown__time wp-block-uagb-countdown__time-seconds\">&#8211;<\/div><div class=\"wp-block-uagb-countdown__label\">Segs<\/div><\/div><\/div>\n\n\n\n<h5 class=\"wp-block-heading has-text-align-center has-white-color has-text-color\">Plazas limitadas<\/h5>\n<\/div>\n<\/div>\n<\/div>\n<\/div>\n<\/div><\/div>\n\n\n\n<div class=\"wp-block-uagb-container uagb-block-b9b6f15c alignfull uagb-is-root-container\"><div class=\"uagb-container-inner-blocks-wrap\">\n<div style=\"height:50px\" aria-hidden=\"true\" class=\"wp-block-spacer\"><\/div>\n\n\n\n<h1 class=\"wp-block-heading has-text-align-center has-ast-global-color-3-color has-text-color\">\u00bfQU\u00c9 VAS A DESCUBRIR EN ESTA FORMACI\u00d3N ONLINE?<\/h1>\n<\/div><\/div>\n\n\n\n<div class=\"wp-block-uagb-container uagb-block-e6aaa911 alignfull uagb-is-root-container\"><div class=\"uagb-container-inner-blocks-wrap\">\n<p class=\"has-text-align-center\">Reg\u00edstrate en el formulario de arriba y podr\u00e1s tener acceso a&nbsp;<strong>4 clases online<\/strong> donde descubrir\u00e1s qu\u00e9 es Space Syntax y saber si est\u00e1s preparado para el nuevo paradigma urbano.<\/p>\n\n\n\n<p class=\"has-text-align-center\">&#8212; <strong>Clases disponibles <\/strong>hasta el<strong> 12 de FEBRERO<\/strong> &#8212;<\/p>\n\n\n\n<div class=\"wp-block-uagb-container uagb-block-e354291c\">\n<div class=\"wp-block-uagb-info-box uagb-block-f612b91d uagb-infobox__content-wrap  uagb-infobox-icon-above-title uagb-infobox-image-valign-top\"><div class=\"uagb-ifb-content\"><div class=\"uagb-ifb-icon-wrap\"><svg xmlns=\"https:\/\/www.w3.org\/2000\/svg\" viewBox=\"0 0 512 512\"><path d=\"M480 179.6C498.6 188.4 512 212.1 512 240C512 267.9 498.6 291.6 480 300.4V448C480 460.9 472.2 472.6 460.2 477.6C448.3 482.5 434.5 479.8 425.4 470.6L381.7 426.1C333.7 378.1 268.6 352 200.7 352H192V480C192 497.7 177.7 512 160 512H96C78.33 512 64 497.7 64 480V352C28.65 352 0 323.3 0 288V192C0 156.7 28.65 128 64 128H200.7C268.6 128 333.7 101 381.7 53.02L425.4 9.373C434.5 .2215 448.3-2.516 460.2 2.437C472.2 7.39 480 19.06 480 32V179.6zM200.7 192H192V288H200.7C280.5 288 357.2 317.8 416 371.3V108.7C357.2 162.2 280.5 192 200.7 192V192z\"><\/path><\/svg><\/div><div class=\"uagb-ifb-title-wrap\"><h3 class=\"uagb-ifb-title\">CLASE #1<\/h3><\/div><p class=\"uagb-ifb-desc\">&#8211; Lunes 29 de Enero &#8211;<br><br><strong>EL PANORAMA DEL DISE\u00d1O URBANO ACTUAL<\/strong> <strong>Y LA QUE SE VIENE (o ya est\u00e1 aqu\u00ed)<\/strong>.<strong> <\/strong><\/p><\/div><\/div>\n<\/div>\n\n\n\n<div class=\"wp-block-uagb-container uagb-block-23ec9fe4\">\n<div class=\"wp-block-uagb-info-box uagb-block-8023f486 uagb-infobox__content-wrap  uagb-infobox-icon-above-title uagb-infobox-image-valign-top\"><div class=\"uagb-ifb-content\"><div class=\"uagb-ifb-icon-wrap\"><svg xmlns=\"https:\/\/www.w3.org\/2000\/svg\" viewBox=\"0 0 512 512\"><path d=\"M176 256C176 211.8 211.8 176 256 176C300.2 176 336 211.8 336 256C336 300.2 300.2 336 256 336C211.8 336 176 300.2 176 256zM256 0C273.7 0 288 14.33 288 32V66.65C368.4 80.14 431.9 143.6 445.3 224H480C497.7 224 512 238.3 512 256C512 273.7 497.7 288 480 288H445.3C431.9 368.4 368.4 431.9 288 445.3V480C288 497.7 273.7 512 256 512C238.3 512 224 497.7 224 480V445.3C143.6 431.9 80.14 368.4 66.65 288H32C14.33 288 0 273.7 0 256C0 238.3 14.33 224 32 224H66.65C80.14 143.6 143.6 80.14 224 66.65V32C224 14.33 238.3 0 256 0zM128 256C128 326.7 185.3 384 256 384C326.7 384 384 326.7 384 256C384 185.3 326.7 128 256 128C185.3 128 128 185.3 128 256z\"><\/path><\/svg><\/div><div class=\"uagb-ifb-title-wrap\"><h3 class=\"uagb-ifb-title\">CLASE #2<\/h3><\/div><p class=\"uagb-ifb-desc\">&#8211; Mi\u00e9rcoles 31 de Enero &#8211;<br><br><strong>LAS 5 BARRERAS MENTALES A DERRIBAR PARA COMPRENDER LAS CIUDADES EN PROFUNDIDAD<\/strong><\/p><\/div><\/div>\n<\/div>\n<\/div><\/div>\n\n\n\n<div class=\"wp-block-uagb-container uagb-block-1ef17ef2 alignfull uagb-is-root-container\"><div class=\"uagb-container-inner-blocks-wrap\">\n<div class=\"wp-block-uagb-container uagb-block-ccd222c8\">\n<div class=\"wp-block-uagb-info-box uagb-block-6a47ffa6 uagb-infobox__content-wrap  uagb-infobox-icon-above-title uagb-infobox-image-valign-top\"><div class=\"uagb-ifb-content\"><div class=\"uagb-ifb-icon-wrap\"><svg xmlns=\"https:\/\/www.w3.org\/2000\/svg\" viewBox=\"0 0 512 512\"><path d=\"M464 16c-17.67 0-32 14.31-32 32v74.09C392.1 66.52 327.4 32 256 32C161.5 32 78.59 92.34 49.58 182.2c-5.438 16.81 3.797 34.88 20.61 40.28c16.89 5.5 34.88-3.812 40.3-20.59C130.9 138.5 189.4 96 256 96c50.5 0 96.26 24.55 124.4 64H336c-17.67 0-32 14.31-32 32s14.33 32 32 32h128c17.67 0 32-14.31 32-32V48C496 30.31 481.7 16 464 16zM441.8 289.6c-16.92-5.438-34.88 3.812-40.3 20.59C381.1 373.5 322.6 416 256 416c-50.5 0-96.25-24.55-124.4-64H176c17.67 0 32-14.31 32-32s-14.33-32-32-32h-128c-17.67 0-32 14.31-32 32v144c0 17.69 14.33 32 32 32s32-14.31 32-32v-74.09C119.9 445.5 184.6 480 255.1 480c94.45 0 177.4-60.34 206.4-150.2C467.9 313 458.6 294.1 441.8 289.6z\"><\/path><\/svg><\/div><div class=\"uagb-ifb-title-wrap\"><h3 class=\"uagb-ifb-title\">CLASE #3<\/h3><\/div><p class=\"uagb-ifb-desc\">&#8211; Viernes 2 de Febrero &#8211;<br><br><strong>EL SISTEMA DE 5 ETAPAS PARA ANALIZAR Y RESOLVER LA RED URBANA DE TU CIUDAD, AHORA Y SIEMPRE: <\/strong><br><strong>EL M\u00c9TODO ARRU<\/strong><\/p><\/div><\/div>\n<\/div>\n\n\n\n<div class=\"wp-block-uagb-container uagb-block-64d6f423\">\n<div class=\"wp-block-uagb-info-box uagb-block-791c8dee uagb-infobox__content-wrap  uagb-infobox-icon-above-title uagb-infobox-image-valign-top\"><div class=\"uagb-ifb-content\"><div class=\"uagb-ifb-icon-wrap\"><svg xmlns=\"https:\/\/www.w3.org\/2000\/svg\" viewBox=\"0 0 384 512\"><path d=\"M256 64C256 99.35 227.3 128 192 128C156.7 128 128 99.35 128 64C128 28.65 156.7 0 192 0C227.3 0 256 28.65 256 64zM155.7 170.2C167.3 173.1 179.6 176 192.2 176C232.1 176 269.3 155.8 291 122.4L309.2 94.54C318.8 79.73 338.6 75.54 353.5 85.18C368.3 94.82 372.5 114.6 362.8 129.5L344.7 157.3C326.4 185.4 301.2 207.3 272 221.6V480C272 497.7 257.7 512 240 512C222.3 512 208 497.7 208 480V384H176V480C176 497.7 161.7 512 144 512C126.3 512 112 497.7 112 480V221.4C83.63 207.4 58.94 186.1 40.87 158.1L21.37 129.8C11.57 115 15.54 95.18 30.25 85.37C44.95 75.57 64.82 79.54 74.62 94.25L94.12 123.5C108.5 145 129.2 160.9 152.9 169.3C153.9 169.5 154.8 169.8 155.7 170.2V170.2z\"><\/path><\/svg><\/div><div class=\"uagb-ifb-title-wrap\"><h3 class=\"uagb-ifb-title\">CLASE #4<\/h3><\/div><p class=\"uagb-ifb-desc\">&#8211; Lunes 5 de Febrero &#8211;<br><br><strong>APRENDE EL SISTEMA PASO A PASO PARA QUE LAS CIUDADES TRABAJEN PARA LAS PERSONAS<\/strong><br><br><\/p><\/div><\/div>\n<\/div>\n\n\n\n<div style=\"height:25px\" aria-hidden=\"true\" class=\"wp-block-spacer\"><\/div>\n<\/div><\/div>\n\n\n\n<div class=\"wp-block-uagb-container uagb-block-455a0354 alignfull uagb-is-root-container\"><div class=\"uagb-container-inner-blocks-wrap\">\n<div style=\"height:50px\" aria-hidden=\"true\" class=\"wp-block-spacer\"><\/div>\n\n\n\n<h1 class=\"wp-block-heading has-text-align-center has-ast-global-color-3-color has-text-color\">NO PUEDES PERDERTE ESTOS V\u00cdDEOS <\/h1>\n\n\n\n<h1 class=\"wp-block-heading has-text-align-center has-ast-global-color-3-color has-text-color\">SI ERES\u2026<\/h1>\n\n\n\n<div style=\"height:10px\" aria-hidden=\"true\" class=\"wp-block-spacer\"><\/div>\n\n\n\n<div class=\"wp-block-columns is-layout-flex wp-container-11 wp-block-columns-is-layout-flex\">\n<div class=\"wp-block-column is-layout-flow wp-block-column-is-layout-flow\">\n<div class=\"wp-block-columns is-layout-flex wp-container-6 wp-block-columns-is-layout-flex\">\n<div class=\"wp-block-column is-layout-flow wp-block-column-is-layout-flow\" style=\"flex-basis:33.33%\"><\/div>\n\n\n\n<div class=\"wp-block-column is-layout-flow wp-block-column-is-layout-flow\" style=\"flex-basis:66.66%\">\n<ul>\n<li>Un <strong>apasionado<\/strong> del<strong> dise\u00f1o urbano<\/strong> y est\u00e1s buscando <strong>oportunidades <\/strong>para tu <strong>expertise profesional<\/strong>.<\/li>\n<\/ul>\n<\/div>\n<\/div>\n<\/div>\n\n\n\n<div class=\"wp-block-column is-layout-flow wp-block-column-is-layout-flow\">\n<div class=\"wp-block-columns is-layout-flex wp-container-9 wp-block-columns-is-layout-flex\">\n<div class=\"wp-block-column is-layout-flow wp-block-column-is-layout-flow\" style=\"flex-basis:66.66%\">\n<ul>\n<li><strong>Arquitecto-urbanista<\/strong>, <strong>ge\u00f3grafo, soci\u00f3logo o arque\u00f3logo<\/strong> (o simplemente est\u00e1s interesado en la ciudad) y quieres <strong>potenciar<\/strong> tu carrera en <strong>el dise\u00f1o y la planificacion urbana <\/strong>con <strong>Space Syntax.<\/strong><\/li>\n<\/ul>\n<\/div>\n<\/div>\n<\/div>\n<\/div>\n\n\n\n<div class=\"wp-block-columns is-layout-flex wp-container-19 wp-block-columns-is-layout-flex\">\n<div class=\"wp-block-column is-layout-flow wp-block-column-is-layout-flow\">\n<div class=\"wp-block-columns is-layout-flex wp-container-14 wp-block-columns-is-layout-flex\">\n<div class=\"wp-block-column is-layout-flow wp-block-column-is-layout-flow\" style=\"flex-basis:33.33%\"><\/div>\n\n\n\n<div class=\"wp-block-column is-layout-flow wp-block-column-is-layout-flow\" style=\"flex-basis:66.66%\">\n<ul>\n<li>Profesional en campos como <strong>el dise\u00f1o urbano<\/strong>, la <strong>arquitectura del paisaje<\/strong> y la <strong>planificaci\u00f3n <\/strong>del <strong>movimiento peatonal<\/strong> y de<strong> veh\u00edculos<\/strong> y est\u00e1s en <strong>busca <\/strong>de <strong>metodolog\u00edas de dise\u00f1o innovadoras<\/strong>.<\/li>\n<\/ul>\n<\/div>\n<\/div>\n<\/div>\n\n\n\n<div class=\"wp-block-column is-layout-flow wp-block-column-is-layout-flow\">\n<div class=\"wp-block-columns is-layout-flex wp-container-17 wp-block-columns-is-layout-flex\">\n<div class=\"wp-block-column is-layout-flow wp-block-column-is-layout-flow\" style=\"flex-basis:66.66%\">\n<ul>\n<li>Cuando tus amigos y familia te dicen que eres un poco <strong>obsesivo creando espacios urbanos optimizados<\/strong>.<\/li>\n<\/ul>\n<\/div>\n<\/div>\n<\/div>\n<\/div>\n\n\n\n<div class=\"wp-block-columns is-layout-flex wp-container-27 wp-block-columns-is-layout-flex\">\n<div class=\"wp-block-column is-layout-flow wp-block-column-is-layout-flow\">\n<div class=\"wp-block-columns is-layout-flex wp-container-22 wp-block-columns-is-layout-flex\">\n<div class=\"wp-block-column is-layout-flow wp-block-column-is-layout-flow\" style=\"flex-basis:33.33%\"><\/div>\n\n\n\n<div class=\"wp-block-column is-layout-flow wp-block-column-is-layout-flow\" style=\"flex-basis:66.66%\">\n<ul>\n<li><strong>Anal\u00edtico<\/strong>, si buscas <strong>llegar hasta el final<\/strong> de los<strong> por qu\u00e9s<\/strong> y si <strong>quieres entender c\u00f3mo funcionan las ciudades.<\/strong><\/li>\n<\/ul>\n<\/div>\n<\/div>\n<\/div>\n\n\n\n<div class=\"wp-block-column is-layout-flow wp-block-column-is-layout-flow\">\n<div class=\"wp-block-columns is-layout-flex wp-container-25 wp-block-columns-is-layout-flex\">\n<div class=\"wp-block-column is-layout-flow wp-block-column-is-layout-flow\" style=\"flex-basis:66.66%\">\n<ul>\n<li>Si est\u00e1s dispuesto a<strong> trabajar duro<\/strong> en ti y en tu<strong> presente <\/strong>y <strong>futuro profesional<\/strong>. <strong>Aqu\u00ed y ahora<\/strong>.<\/li>\n<\/ul>\n<\/div>\n<\/div>\n<\/div>\n<\/div>\n\n\n\n<div style=\"height:25px\" aria-hidden=\"true\" class=\"wp-block-spacer\"><\/div>\n<\/div><\/div>\n\n\n\n<div class=\"wp-block-uagb-container uagb-block-8a1d4c81 alignfull uagb-is-root-container\"><div class=\"uagb-container-inner-blocks-wrap\">\n<div style=\"height:15px\" aria-hidden=\"true\" class=\"wp-block-spacer\"><\/div>\n\n\n\n<div class=\"wp-block-uagb-container uagb-block-5d2d5e86\">\n<h1 class=\"wp-block-heading has-text-align-center has-white-color has-text-color\">TU PLAZA EST\u00c1 A UN CLIC DE DISTANCIA<\/h1>\n\n\n\n<h4 class=\"wp-block-heading has-text-align-center has-white-color has-text-color\">Deja tus datos y descubre si esto es para ti.<\/h4>\n\n\n\n<div class=\"wp-block-columns is-layout-flex wp-container-31 wp-block-columns-is-layout-flex\">\n<div class=\"wp-block-column is-layout-flow wp-block-column-is-layout-flow\" style=\"flex-basis:25%\"><\/div>\n\n\n\n<div class=\"wp-block-column is-layout-flow wp-block-column-is-layout-flow\" style=\"flex-basis:50%\">\n<div class=\"wp-block-uagb-container uagb-block-6b8b3dbb\">\n<!-- BEGIN: Benchmark Email Signup Form Code -->\n<script type=\"text\/javascript\" id=\"lbscript1751637\" src=\"https:\/\/lb.benchmarkemail.com\/\/es\/code\/lbformnew.js?mFcQnoBFKMSleTES0YtCrLJ25jqXIyRIZCxVEnUbAX5B6Zy3R8L99w%253D%253D\"><\/script><noscript>Please enable JavaScript <br \/><div align=\"center\" style=\"padding-top:5px;font-family:Arial,Helvetica,sans-serif;font-size:10px;color:#999999;\"><a href=\"https:\/\/www.benchmarkemail.com\/email-marketing?utm_source=usersignupforms&#038;utm_medium=customers&#038;utm_campaign=usersignupforms\" target=\"_new\" style=\"text-decoration:none;font-family:Arial,Helvetica,sans-serif;font-size:10px;color:#999999;\" rel=\"noopener\">Email Marketing <\/a> by Benchmark<\/div><\/noscript>\n<!-- END: Benchmark Email Signup Form Code -->\n<\/div>\n<\/div>\n\n\n\n<div class=\"wp-block-column is-layout-flow wp-block-column-is-layout-flow\" style=\"flex-basis:25%\"><\/div>\n<\/div>\n<\/div>\n\n\n\n<h5 class=\"wp-block-heading has-text-align-center has-white-color has-text-color\">Ap\u00fantate ahora para reservar tu plaza y m\u00e1s adelante te mandaremos un mensaje recordatorio.<\/h5>\n\n\n\n<h5 class=\"wp-block-heading has-text-align-center has-white-color has-text-color\">Las clases solo estar\u00e1n disponibles del 9 al 23 de Octubre.<\/h5>\n\n\n\n<div style=\"height:30px\" aria-hidden=\"true\" class=\"wp-block-spacer\"><\/div>\n<\/div><\/div>\n\n\n\n<div class=\"wp-block-uagb-container uagb-block-df3c17d7 alignfull uagb-is-root-container\"><div class=\"uagb-container-inner-blocks-wrap\">\n<div style=\"height:50px\" aria-hidden=\"true\" class=\"wp-block-spacer\"><\/div>\n\n\n\n<div class=\"wp-block-media-text alignwide is-stacked-on-mobile is-vertically-aligned-center has-black-background-color has-background\" style=\"grid-template-columns:30% auto\"><figure class=\"wp-block-media-text__media\"><img decoding=\"async\" width=\"284\" height=\"408\" src=\"http:\/\/spacesyntaxuniversity.com\/wp-content\/uploads\/2023\/07\/ItziarNavarro3.jpg\" alt=\"\" class=\"wp-image-2799 size-full\" srcset=\"https:\/\/spacesyntaxuniversity.com\/wp-content\/uploads\/2023\/07\/ItziarNavarro3.jpg 284w, https:\/\/spacesyntaxuniversity.com\/wp-content\/uploads\/2023\/07\/ItziarNavarro3-209x300.jpg 209w\" sizes=\"(max-width: 284px) 100vw, 284px\" \/><\/figure><div class=\"wp-block-media-text__content\">\n<div class=\"inherit-container-width wp-block-group is-layout-constrained wp-block-group-is-layout-constrained\" style=\"padding-top:2em;padding-right:2em;padding-bottom:2em;padding-left:2em\"><div class=\"wp-block-group__inner-container\">\n<p class=\"has-ast-global-color-4-color has-text-color has-large-font-size\" style=\"line-height:1.2\"><strong>\u00bfQui\u00e9n es Itziar Navarro?<\/strong><\/p>\n\n\n\n<p class=\"has-ast-global-color-8-color has-text-color\"><em><strong><strong>El dise\u00f1o urbano no es solo lo que se ve y se siente. El dise\u00f1o es c\u00f3mo funciona.<\/strong><\/strong><\/em><\/p>\n\n\n\n<p class=\"has-ast-global-color-8-color has-text-color\"><em><strong>Ayudo a urbanistas y personas interesadas en lo urbano a capacitarlos en la comprensi\u00f3n y pr\u00e1ctica de la Sintaxis Espacial (Space Syntax) y Urban Analytics para dise\u00f1ar ciudades vibrantes y llenas de vida.<\/strong><\/em><\/p>\n\n\n\n<p class=\"has-ast-global-color-8-color has-text-color\"><em><strong>Soy la autora del blog sobre Space Syntax de www.sintaxisespacial.com y mi prop\u00f3sito es que descubras el poder de Space Syntax y c\u00f3mo puede transformar tu forma de pensar sobre la planificaci\u00f3n  y dise\u00f1o urbano.<\/strong><\/em><\/p>\n\n\n\n<p class=\"has-text-align-left has-ast-global-color-8-color has-text-color\"><em><strong>Nos vemos dentro<\/strong><\/em>.<\/p>\n<\/div><\/div>\n<\/div><\/div>\n\n\n\n<div style=\"height:100px\" aria-hidden=\"true\" class=\"wp-block-spacer\"><\/div>\n<\/div><\/div>\n","protected":false},"excerpt":{"rendered":"<p>SEMANA DEL URBANISMO PR\u00d3XIMA EDICI\u00d3N DEL 29 ENERO AL 5 DE FEBRERO 2024 \u00abHAZ QUE LAS CIUDADES TRABAJEN PARA LAS PERSONAS &#8230; con las herramientas de Sintaxis Espacial (Space Syntax)\u00ab DESCUBRE LAS HABILIDADES DE LOS URBANISTAS ESPECIALIZADOS QUE VAN UN PASO POR DELANTE Reserva tu plaza TOTALMENTE GRATIS en este FORMULARIO: Please enable JavaScript Email &hellip;<\/p>\n<p class=\"read-more\"> <a class=\"\" href=\"https:\/\/spacesyntaxuniversity.com\/\"> <span class=\"screen-reader-text\">La SEMANA de Urbanismo con Sintaxis Espacial (Space Syntax)<\/span> Leer m\u00e1s &raquo;<\/a><\/p>\n","protected":false},"author":1,"featured_media":0,"parent":0,"menu_order":0,"comment_status":"closed","ping_status":"closed","template":"","meta":{"om_disable_all_campaigns":false,"_uag_custom_page_level_css":"","_monsterinsights_skip_tracking":false,"_monsterinsights_sitenote_active":false,"_monsterinsights_sitenote_note":"","_monsterinsights_sitenote_category":0,"site-sidebar-layout":"no-sidebar","site-content-layout":"page-builder","ast-site-content-layout":"full-width-container","site-content-style":"unboxed","site-sidebar-style":"unboxed","ast-global-header-display":"","ast-banner-title-visibility":"","ast-main-header-display":"","ast-hfb-above-header-display":"","ast-hfb-below-header-display":"","ast-hfb-mobile-header-display":"","site-post-title":"disabled","ast-breadcrumbs-content":"","ast-featured-img":"disabled","footer-sml-layout":"","theme-transparent-header-meta":"enabled","adv-header-id-meta":"","stick-header-meta":"","header-above-stick-meta":"","header-main-stick-meta":"","header-below-stick-meta":"","astra-migrate-meta-layouts":"set","ast-page-background-enabled":"default","ast-page-background-meta":{"desktop":{"background-color":"var(--ast-global-color-4)","background-image":"","background-repeat":"repeat","background-position":"center center","background-size":"auto","background-attachment":"scroll","background-type":"","background-media":"","overlay-type":"","overlay-color":"","overlay-gradient":""},"tablet":{"background-color":"","background-image":"","background-repeat":"repeat","background-position":"center center","background-size":"auto","background-attachment":"scroll","background-type":"","background-media":"","overlay-type":"","overlay-color":"","overlay-gradient":""},"mobile":{"background-color":"","background-image":"","background-repeat":"repeat","background-position":"center center","background-size":"auto","background-attachment":"scroll","background-type":"","background-media":"","overlay-type":"","overlay-color":"","overlay-gradient":""}},"ast-content-background-meta":{"desktop":{"background-color":"var(--ast-global-color-5)","background-image":"","background-repeat":"repeat","background-position":"center center","background-size":"auto","background-attachment":"scroll","background-type":"","background-media":"","overlay-type":"","overlay-color":"","overlay-gradient":""},"tablet":{"background-color":"var(--ast-global-color-5)","background-image":"","background-repeat":"repeat","background-position":"center center","background-size":"auto","background-attachment":"scroll","background-type":"","background-media":"","overlay-type":"","overlay-color":"","overlay-gradient":""},"mobile":{"background-color":"var(--ast-global-color-5)","background-image":"","background-repeat":"repeat","background-position":"center center","background-size":"auto","background-attachment":"scroll","background-type":"","background-media":"","overlay-type":"","overlay-color":"","overlay-gradient":""}},"footnotes":""},"uagb_featured_image_src":{"full":false,"thumbnail":false,"medium":false,"medium_large":false,"large":false,"1536x1536":false,"2048x2048":false},"uagb_author_info":{"display_name":"i.navarro.amezketa@gmail.com","author_link":"https:\/\/spacesyntaxuniversity.com\/index.php\/author\/i-navarro-amezketagmail-com\/"},"uagb_comment_info":0,"uagb_excerpt":"SEMANA DEL URBANISMO PR\u00d3XIMA EDICI\u00d3N DEL 29 ENERO AL 5 DE FEBRERO 2024 \u00abHAZ QUE LAS CIUDADES TRABAJEN PARA LAS PERSONAS &#8230; con las herramientas de Sintaxis Espacial (Space Syntax)\u00ab DESCUBRE LAS HABILIDADES DE LOS URBANISTAS ESPECIALIZADOS QUE VAN UN PASO POR DELANTE Reserva tu plaza TOTALMENTE GRATIS en este FORMULARIO: Please enable JavaScript Email&hellip;","_links":{"self":[{"href":"https:\/\/spacesyntaxuniversity.com\/index.php\/wp-json\/wp\/v2\/pages\/1488"}],"collection":[{"href":"https:\/\/spacesyntaxuniversity.com\/index.php\/wp-json\/wp\/v2\/pages"}],"about":[{"href":"https:\/\/spacesyntaxuniversity.com\/index.php\/wp-json\/wp\/v2\/types\/page"}],"author":[{"embeddable":true,"href":"https:\/\/spacesyntaxuniversity.com\/index.php\/wp-json\/wp\/v2\/users\/1"}],"replies":[{"embeddable":true,"href":"https:\/\/spacesyntaxuniversity.com\/index.php\/wp-json\/wp\/v2\/comments?post=1488"}],"version-history":[{"count":380,"href":"https:\/\/spacesyntaxuniversity.com\/index.php\/wp-json\/wp\/v2\/pages\/1488\/revisions"}],"predecessor-version":[{"id":3532,"href":"https:\/\/spacesyntaxuniversity.com\/index.php\/wp-json\/wp\/v2\/pages\/1488\/revisions\/3532"}],"wp:attachment":[{"href":"https:\/\/spacesyntaxuniversity.com\/index.php\/wp-json\/wp\/v2\/media?parent=1488"}],"curies":[{"name":"wp","href":"https:\/\/api.w.org\/{rel}","templated":true}]}}